{"id":22,"date":"2013-04-14T18:02:29","date_gmt":"2013-04-14T16:02:29","guid":{"rendered":"http:\/\/www.alexander-strommer.at\/?page_id=22"},"modified":"2025-07-13T10:55:18","modified_gmt":"2025-07-13T08:55:18","slug":"impressum","status":"publish","type":"page","link":"https:\/\/www.alexander-strommer.at\/?page_id=22","title":{"rendered":"Impressum"},"content":{"rendered":"<p style=\"text-align: justify;\">Alexander Strommer,BA<br \/>\nA-7083 Purbach am Neusiedler See<\/p>\n<p style=\"text-align: justify;\">Kontakt: bildwerk(et)alexander-strommer.at<\/p>\n<h2 style=\"text-align: justify;\">Haftung f\u00fcr Inhalte<\/h2>\n<p style=\"text-align: justify;\">Die Inhalte meiner Website wurden mit gr\u00f6\u00dfter Sorgfalt erstellt. F\u00fcr die Richtigkeit, Vollst\u00e4ndigkeit und Aktualit\u00e4t der Inhalte und eventuell verwendete fremde Inhalte kann ich jedoch keine Gew\u00e4hr \u00fcbernehmen.<\/p>\n<h2 style=\"text-align: justify;\">Haftung f\u00fcr Links<\/h2>\n<p style=\"text-align: justify;\">Mein Angebot enth\u00e4lt Links zu externen Webseiten Dritter, auf deren Inhalte ich keinen Einfluss habe. Deshalb kann ich f\u00fcr diese fremden Inhalte auch keine Gew\u00e4hr \u00fcbernehmen. F\u00fcr die Inhalte der verlinkten Seiten ist stets der jeweilige Anbieter oder Betreiber der Seiten verantwortlich. Die verlinkten Seiten wurden zum Zeitpunkt der Verlinkung auf m\u00f6gliche Rechtsverst\u00f6\u00dfe \u00fcberpr\u00fcft. Rechtswidrige Inhalte waren zum Zeitpunkt der Verlinkung nicht erkennbar. Eine permanente inhaltliche Kontrolle der verlinkten Seiten ist jedoch ohne konkrete Anhaltspunkte einer Rechtsverletzung nicht zumutbar. Bei Bekanntwerden von Rechtsverletzungen werde ich derartige Links umgehend entfernen.<\/p>\n<h2 style=\"text-align: justify;\">Urheberrecht<\/h2>\n<p style=\"text-align: justify;\">Die durch den Seitenbetreiber erstellten Inhalte und Werke auf diesen Seiten unterliegen dem Urheberrecht. Die Vervielf\u00e4ltigung, Bearbeitung, Verbreitung und jede Art der Verwertung au\u00dferhalb der Grenzen des Urheberrechtes bed\u00fcrfen der schriftlichen Zustimmung des jeweiligen Autors bzw. Erstellers. Downloads und Kopien dieser Seite sind nur f\u00fcr den privaten, nicht kommerziellen Gebrauch gestattet. Soweit die Inhalte auf dieser Seite nicht vom Betreiber erstellt wurden, werden die Urheberrechte Dritter beachtet. Insbesondere werden Inhalte Dritter als solche gekennzeichnet. Sollten Sie trotzdem auf eine Urheberrechtsverletzung aufmerksam werden, bitte ich um einen entsprechenden Hinweis. Bei Bekanntwerden von Rechtsverletzungen werde ich derartige Inhalte umgehend entfernen.<\/p>\n<h2 style=\"text-align: justify;\">Datenschutz<\/h2>\n<p style=\"text-align: justify;\">Die Nutzung meiner Website ist in der Regel ohne Angabe personenbezogener Daten m\u00f6glich. Sollen Sie personenbezogene Daten (zB. Kontaktformular) angeben, werden diese Daten ohne Ihre ausdr\u00fcckliche Zustimmung nicht an Dritte weitergegeben.<\/p>\n<p style=\"text-align: justify;\">Ich weise darauf hin, dass die Daten\u00fcbertragung im Internet Sicherheitsl\u00fccken aufweisen kann. Ein l\u00fcckenloser Schutz der Daten vor dem Zugriff durch Dritte ist deshalb nicht m\u00f6glich.<\/p>\n<p style=\"text-align: justify;\">Der Nutzung von im Rahmen der Impressumspflicht ver\u00f6ffentlichten Kontaktdaten durch Dritte zur \u00dcbersendung von nicht AUSDR\u00dcCKLICH angeforderter Werbung und Informationsmaterialien wird hiermit ausdr\u00fccklich widersprochen. Der Betreiber der Seite beh\u00e4lt sich ausdr\u00fccklich rechtliche Schritte im Falle der unverlangten Zusendung von Werbeinformationen, etwa durch Spam-Mails, vor.<\/p>\n","protected":false},"excerpt":{"rendered":"<p>Alexander Strommer,BA A-7083 Purbach am Neusiedler See Kontakt: bildwerk(et)alexander-strommer.at Haftung f\u00fcr Inhalte Die Inhalte meiner Website wurden mit gr\u00f6\u00dfter Sorgfalt erstellt. F\u00fcr die Richtigkeit, Vollst\u00e4ndigkeit und Aktualit\u00e4t der Inhalte und eventuell verwendete fremde Inhalte kann ich jedoch keine Gew\u00e4hr \u00fcbernehmen. Haftung f\u00fcr Links Mein Angebot enth\u00e4lt Links zu externen Webseiten Dritter, auf deren Inhalte ich [&hellip;]<\/p>\n","protected":false},"author":2,"featured_media":0,"parent":0,"menu_order":4,"comment_status":"open","ping_status":"open","template":"","meta":{"footnotes":""},"class_list":["post-22","page","type-page","status-publish","hentry"],"aioseo_notices":[],"jetpack_shortlink":"https:\/\/wp.me\/P3qLQO-m","jetpack_likes_enabled":true,"jetpack_sharing_enabled":false,"_links":{"self":[{"href":"https:\/\/www.alexander-strommer.at\/index.php?rest_route=\/wp\/v2\/pages\/22","targetHints":{"allow":["GET"]}}],"collection":[{"href":"https:\/\/www.alexander-strommer.at\/index.php?rest_route=\/wp\/v2\/pages"}],"about":[{"href":"https:\/\/www.alexander-strommer.at\/index.php?rest_route=\/wp\/v2\/types\/page"}],"author":[{"embeddable":true,"href":"https:\/\/www.alexander-strommer.at\/index.php?rest_route=\/wp\/v2\/users\/2"}],"replies":[{"embeddable":true,"href":"https:\/\/www.alexander-strommer.at\/index.php?rest_route=%2Fwp%2Fv2%2Fcomments&post=22"}],"version-history":[{"count":3,"href":"https:\/\/www.alexander-strommer.at\/index.php?rest_route=\/wp\/v2\/pages\/22\/revisions"}],"predecessor-version":[{"id":4698,"href":"https:\/\/www.alexander-strommer.at\/index.php?rest_route=\/wp\/v2\/pages\/22\/revisions\/4698"}],"wp:attachment":[{"href":"https:\/\/www.alexander-strommer.at\/index.php?rest_route=%2Fwp%2Fv2%2Fmedia&parent=22"}],"curies":[{"name":"wp","href":"https:\/\/api.w.org\/{rel}","templated":true}]}}